{"id":8,"date":"2020-10-13T17:51:54","date_gmt":"2020-10-13T15:51:54","guid":{"rendered":"http:\/\/www.tucau.com\/wordpress\/?page_id=8"},"modified":"2022-09-19T14:18:27","modified_gmt":"2022-09-19T12:18:27","slug":"contact","status":"publish","type":"page","link":"https:\/\/www.kangel.fr\/?page_id=8","title":{"rendered":"Contact"},"content":{"rendered":"\r\n<div class=\"wp-block-group\">\r\n<div class=\"wp-block-group__inner-container\">\r\n<p class=\"has-background has-drop-cap has-very-light-gray-background-color\">Pour toute question ou demande de devis, vous pouvez me joindre par mail, par t\u00e9l\u00e9phone, ou \u00e0 l&rsquo;aide du formulaire en bas de cette page. Une r\u00e9ponse vous sera adress\u00e9e sous 48H.<br \/><br \/>L&rsquo;atelier est situ\u00e9 \u00e0 Saint-caprais-de-bordeaux,\u00a0 je me d\u00e9place sur Bordeaux et sa M\u00e9tropole. <br \/><br \/>L&rsquo;atelier KANGEL TAPISSERIE situ\u00e9 au 1 bis avenue de Mercade \u00e0 Saint-caprais-de-Bordeaux est ouvert du lundi au vendredi de 9H30 \u00e0 18H30 et le samedi uniquement sur rendez-vous.<\/p>\r\n<\/div>\r\n<\/div>\r\n\r\n\r\n\r\n<p class=\"has-background has-very-light-gray-background-color\">T\u00e9l\u00e9phone 06 61 44 36 29<br \/>Mail : <a href=\"mailto:contact@kangel.fr\">contact@kangel.fr<\/a><\/p>\r\n\r\n\r\n<hr class=\"wp-block-separator\" \/>\r\n\r\n\r\n<div class=\"wpforms-container wpforms-container-full\" id=\"wpforms-382\"><form id=\"wpforms-form-382\" class=\"wpforms-validate wpforms-form\" data-formid=\"382\" method=\"post\" enctype=\"multipart\/form-data\" action=\"\/index.php?rest_route=%2Fwp%2Fv2%2Fpages%2F8\" data-token=\"457ccf3a55cdd2760ae6c4b1ac9731ec\"><noscript class=\"wpforms-error-noscript\">Veuillez activer JavaScript dans votre navigateur pour remplir ce formulaire.<\/noscript><div class=\"wpforms-field-container\"><div id=\"wpforms-382-field_0-container\" class=\"wpforms-field wpforms-field-name\" data-field-id=\"0\"><label class=\"wpforms-field-label\" for=\"wpforms-382-field_0\">Nom <span class=\"wpforms-required-label\">*<\/span><\/label><div class=\"wpforms-field-row wpforms-field-medium\"><div class=\"wpforms-field-row-block wpforms-first wpforms-one-half\"><input type=\"text\" id=\"wpforms-382-field_0\" class=\"wpforms-field-name-first wpforms-field-required\" name=\"wpforms[fields][0][first]\" required><label for=\"wpforms-382-field_0\" class=\"wpforms-field-sublabel after \">Pr\u00e9nom<\/label><\/div><div class=\"wpforms-field-row-block wpforms-one-half\"><input type=\"text\" id=\"wpforms-382-field_0-last\" class=\"wpforms-field-name-last wpforms-field-required\" name=\"wpforms[fields][0][last]\" required><label for=\"wpforms-382-field_0-last\" class=\"wpforms-field-sublabel after \">Nom<\/label><\/div><\/div><\/div><div id=\"wpforms-382-field_1-container\" class=\"wpforms-field wpforms-field-email\" data-field-id=\"1\"><label class=\"wpforms-field-label\" for=\"wpforms-382-field_1\">E-mail <span class=\"wpforms-required-label\">*<\/span><\/label><input type=\"email\" id=\"wpforms-382-field_1\" class=\"wpforms-field-medium wpforms-field-required\" name=\"wpforms[fields][1]\" required><\/div><div id=\"wpforms-382-field_2-container\" class=\"wpforms-field wpforms-field-textarea\" data-field-id=\"2\"><label class=\"wpforms-field-label\" for=\"wpforms-382-field_2\">Commentaire ou message <span class=\"wpforms-required-label\">*<\/span><\/label><textarea id=\"wpforms-382-field_2\" class=\"wpforms-field-medium wpforms-field-required\" name=\"wpforms[fields][2]\" required><\/textarea><\/div><\/div><div class=\"wpforms-recaptcha-container wpforms-is-hcaptcha\" ><div class=\"g-recaptcha\" data-sitekey=\"dfeae08d-8be7-46ed-b404-e5657e6e3fcf\"><\/div><\/div><div class=\"wpforms-submit-container\" ><input type=\"hidden\" name=\"wpforms[id]\" value=\"382\"><input type=\"hidden\" name=\"wpforms[author]\" value=\"1\"><button type=\"submit\" name=\"wpforms[submit]\" class=\"wpforms-submit \" id=\"wpforms-submit-382\" value=\"wpforms-submit\" aria-live=\"assertive\" data-alt-text=\"Envoi...\" data-submit-text=\"Envoyer\">Envoyer<\/button><\/div><\/form><\/div>  <!-- .wpforms-container -->\r\n","protected":false},"excerpt":{"rendered":"<p>Pour toute question ou demande de devis, vous pouvez me joindre par mail, par t\u00e9l\u00e9phone, ou \u00e0 l&rsquo;aide du formulaire en bas de cette page. Une r\u00e9ponse vous sera adress\u00e9e sous 48H. L&rsquo;atelier est situ\u00e9 \u00e0 Saint-caprais-de-bordeaux,\u00a0 je me d\u00e9place sur Bordeaux et sa M\u00e9tropole. L&rsquo;atelier KANGEL TAPISSERIE situ\u00e9 au 1 bis avenue de Mercade &hellip; <\/p>\n<p class=\"link-more\"><a href=\"https:\/\/www.kangel.fr\/?page_id=8\" class=\"more-link\">Continuer la lecture<span class=\"screen-reader-text\"> de &laquo;&nbsp;Contact&nbsp;&raquo;<\/span><\/a><\/p>\n","protected":false},"author":1,"featured_media":0,"parent":0,"menu_order":0,"comment_status":"closed","ping_status":"closed","template":"","meta":[],"_links":{"self":[{"href":"https:\/\/www.kangel.fr\/index.php?rest_route=\/wp\/v2\/pages\/8"}],"collection":[{"href":"https:\/\/www.kangel.fr\/index.php?rest_route=\/wp\/v2\/pages"}],"about":[{"href":"https:\/\/www.kangel.fr\/index.php?rest_route=\/wp\/v2\/types\/page"}],"author":[{"embeddable":true,"href":"https:\/\/www.kangel.fr\/index.php?rest_route=\/wp\/v2\/users\/1"}],"replies":[{"embeddable":true,"href":"https:\/\/www.kangel.fr\/index.php?rest_route=%2Fwp%2Fv2%2Fcomments&post=8"}],"version-history":[{"count":14,"href":"https:\/\/www.kangel.fr\/index.php?rest_route=\/wp\/v2\/pages\/8\/revisions"}],"predecessor-version":[{"id":454,"href":"https:\/\/www.kangel.fr\/index.php?rest_route=\/wp\/v2\/pages\/8\/revisions\/454"}],"wp:attachment":[{"href":"https:\/\/www.kangel.fr\/index.php?rest_route=%2Fwp%2Fv2%2Fmedia&parent=8"}],"curies":[{"name":"wp","href":"https:\/\/api.w.org\/{rel}","templated":true}]}}