{"id":7,"date":"2020-10-13T17:51:54","date_gmt":"2020-10-13T15:51:54","guid":{"rendered":"http:\/\/www.tucau.com\/wordpress\/?page_id=7"},"modified":"2021-02-16T19:37:20","modified_gmt":"2021-02-16T18:37:20","slug":"a-propos-de","status":"publish","type":"page","link":"https:\/\/www.kangel.fr\/?page_id=7","title":{"rendered":"\u00c0 propos de moi"},"content":{"rendered":"\n<div class=\"wp-block-media-text alignwide\" style=\"grid-template-columns:34% auto\"><figure class=\"wp-block-media-text__media\"><img loading=\"lazy\" width=\"768\" height=\"1024\" src=\"https:\/\/www.kangel.fr\/wp-content\/uploads\/2021\/02\/IMG_4955-768x1024.jpg\" alt=\"\" class=\"wp-image-135\" srcset=\"https:\/\/www.tucau.com\/wordpress\/wp-content\/uploads\/2021\/02\/IMG_4955-768x1024.jpg 768w, https:\/\/www.tucau.com\/wordpress\/wp-content\/uploads\/2021\/02\/IMG_4955-225x300.jpg 225w, https:\/\/www.tucau.com\/wordpress\/wp-content\/uploads\/2021\/02\/IMG_4955-1152x1536.jpg 1152w, https:\/\/www.tucau.com\/wordpress\/wp-content\/uploads\/2021\/02\/IMG_4955-1536x2048.jpg 1536w, https:\/\/www.tucau.com\/wordpress\/wp-content\/uploads\/2021\/02\/IMG_4955-scaled.jpg 1920w\" sizes=\"(max-width: 706px) 89vw, (max-width: 767px) 82vw, 740px\" \/><\/figure><div class=\"wp-block-media-text__content\">\n<p class=\"has-background has-text-align-left has-normal-font-size has-very-light-gray-background-color\">Le fil du ressort fait des circonvolutions qui ne l&rsquo;\u00e9loignent jamais bien loin de son axe, mais qui toujours progressent dans la m\u00eame direction \u2026<\/p>\n<\/div><\/div>\n\n\n\n<p class=\"has-background has-drop-cap has-very-light-gray-background-color\">Attir\u00e9e par la d\u00e9coration, j&rsquo;ai commenc\u00e9 mon parcours dans le conseil et la vente autour de la tapisserie d&rsquo;int\u00e9rieur dans un \u00e9tablissement bordelais r\u00e9put\u00e9 aujourd&rsquo;hui disparu. Pendant quelques ann\u00e9es j&rsquo;ai \u00e9volu\u00e9 dans ce milieu de couleurs et de graphismes, en faisant co\u00efncider les attentes de mes clients et la mise en valeur de leurs int\u00e9rieurs.<br><br>Mais un int\u00e9rieur n&rsquo;est pas fait que de couleurs et de textures. J&rsquo;ai donc enrichi mes connaissances et nourri mon app\u00e9tence de la d\u00e9coration \u00e0 travers une formation de d\u00e9coratrice-\u00e9talagiste, ce qui a ajout\u00e9 \u00e0 mes comp\u00e9tences l&rsquo;organisation de l&rsquo;espace et la sc\u00e9narisation des lieux.<br><br>Aujourd&rsquo;hui, apr\u00e8s une formation qualifiante de tapisserie d&rsquo;ameublement, je peux d\u00e9sormais proposer la r\u00e9fection de tous les fauteuils, de mani\u00e8re purement traditionnelle ou encore moderne, selon les go\u00fbts et les objectifs de chacun. Ce travail du mobilier repr\u00e9sente l&rsquo;aboutissement de ce fameux fil du ressort avec la mise en accord de la d\u00e9coration et de l&rsquo;artisanat d&rsquo;art en plus de l&rsquo;am\u00e9nagement des int\u00e9rieurs.<\/p>\n","protected":false},"excerpt":{"rendered":"<p>Le fil du ressort fait des circonvolutions qui ne l&rsquo;\u00e9loignent jamais bien loin de son axe, mais qui toujours progressent dans la m\u00eame direction \u2026 Attir\u00e9e par la d\u00e9coration, j&rsquo;ai commenc\u00e9 mon parcours dans le conseil et la vente autour de la tapisserie d&rsquo;int\u00e9rieur dans un \u00e9tablissement bordelais r\u00e9put\u00e9 aujourd&rsquo;hui disparu. Pendant quelques ann\u00e9es j&rsquo;ai &hellip; <\/p>\n<p class=\"link-more\"><a href=\"https:\/\/www.kangel.fr\/?page_id=7\" class=\"more-link\">Continuer la lecture<span class=\"screen-reader-text\"> de &laquo;&nbsp;\u00c0 propos de moi&nbsp;&raquo;<\/span><\/a><\/p>\n","protected":false},"author":1,"featured_media":0,"parent":0,"menu_order":0,"comment_status":"closed","ping_status":"closed","template":"","meta":[],"_links":{"self":[{"href":"https:\/\/www.kangel.fr\/index.php?rest_route=\/wp\/v2\/pages\/7"}],"collection":[{"href":"https:\/\/www.kangel.fr\/index.php?rest_route=\/wp\/v2\/pages"}],"about":[{"href":"https:\/\/www.kangel.fr\/index.php?rest_route=\/wp\/v2\/types\/page"}],"author":[{"embeddable":true,"href":"https:\/\/www.kangel.fr\/index.php?rest_route=\/wp\/v2\/users\/1"}],"replies":[{"embeddable":true,"href":"https:\/\/www.kangel.fr\/index.php?rest_route=%2Fwp%2Fv2%2Fcomments&post=7"}],"version-history":[{"count":8,"href":"https:\/\/www.kangel.fr\/index.php?rest_route=\/wp\/v2\/pages\/7\/revisions"}],"predecessor-version":[{"id":298,"href":"https:\/\/www.kangel.fr\/index.php?rest_route=\/wp\/v2\/pages\/7\/revisions\/298"}],"wp:attachment":[{"href":"https:\/\/www.kangel.fr\/index.php?rest_route=%2Fwp%2Fv2%2Fmedia&parent=7"}],"curies":[{"name":"wp","href":"https:\/\/api.w.org\/{rel}","templated":true}]}}