{"id":279,"date":"2021-02-17T12:23:20","date_gmt":"2021-02-17T11:23:20","guid":{"rendered":"https:\/\/www.kangel.fr\/?page_id=279"},"modified":"2021-02-17T23:00:32","modified_gmt":"2021-02-17T22:00:32","slug":"le-savoir-faire-du-tapissier","status":"publish","type":"page","link":"https:\/\/www.kangel.fr\/?page_id=279","title":{"rendered":"Le savoir-faire du tapissier"},"content":{"rendered":"\n<div class=\"wp-block-group\"><div class=\"wp-block-group__inner-container\">\n<div class=\"wp-block-media-text alignwide\" style=\"grid-template-columns:42% auto\"><figure class=\"wp-block-media-text__media\"><img loading=\"lazy\" width=\"768\" height=\"1024\" src=\"https:\/\/www.kangel.fr\/wp-content\/uploads\/2021\/02\/IMG_6405-2-768x1024.jpg\" alt=\"\" class=\"wp-image-283\" srcset=\"https:\/\/www.tucau.com\/wordpress\/wp-content\/uploads\/2021\/02\/IMG_6405-2-768x1024.jpg 768w, https:\/\/www.tucau.com\/wordpress\/wp-content\/uploads\/2021\/02\/IMG_6405-2-225x300.jpg 225w, https:\/\/www.tucau.com\/wordpress\/wp-content\/uploads\/2021\/02\/IMG_6405-2-1152x1536.jpg 1152w, https:\/\/www.tucau.com\/wordpress\/wp-content\/uploads\/2021\/02\/IMG_6405-2-1536x2048.jpg 1536w, https:\/\/www.tucau.com\/wordpress\/wp-content\/uploads\/2021\/02\/IMG_6405-2-scaled.jpg 1920w\" sizes=\"(max-width: 706px) 89vw, (max-width: 767px) 82vw, 740px\" \/><\/figure><div class=\"wp-block-media-text__content\">\n<p class=\"has-background has-very-light-gray-background-color\">\u00c9tape 1 : le d\u00e9garnissage.<br>Le d\u00e9garnissage, c&rsquo;est toutes les actions qui permettent de mettre le bois du si\u00e8ge compl\u00e8tement \u00e0 nu afin de pouvoir d\u00e9marrer la restauration.<\/p>\n<\/div><\/div>\n<\/div><\/div>\n\n\n\n<div class=\"wp-block-group\"><div class=\"wp-block-group__inner-container\">\n<div class=\"wp-block-media-text alignwide has-media-on-the-right\" style=\"grid-template-columns:auto 39%\"><figure class=\"wp-block-media-text__media\"><img loading=\"lazy\" width=\"768\" height=\"1024\" src=\"https:\/\/www.kangel.fr\/wp-content\/uploads\/2021\/02\/IMG_5718-2-768x1024.jpg\" alt=\"\" class=\"wp-image-285\" srcset=\"https:\/\/www.tucau.com\/wordpress\/wp-content\/uploads\/2021\/02\/IMG_5718-2-768x1024.jpg 768w, https:\/\/www.tucau.com\/wordpress\/wp-content\/uploads\/2021\/02\/IMG_5718-2-225x300.jpg 225w, https:\/\/www.tucau.com\/wordpress\/wp-content\/uploads\/2021\/02\/IMG_5718-2-1152x1536.jpg 1152w, https:\/\/www.tucau.com\/wordpress\/wp-content\/uploads\/2021\/02\/IMG_5718-2-1536x2048.jpg 1536w, https:\/\/www.tucau.com\/wordpress\/wp-content\/uploads\/2021\/02\/IMG_5718-2-scaled.jpg 1920w\" sizes=\"(max-width: 706px) 89vw, (max-width: 767px) 82vw, 740px\" \/><\/figure><div class=\"wp-block-media-text__content\">\n<p class=\"has-background has-normal-font-size has-very-light-gray-background-color\">\u00c9tape 2 : la remise en \u00e9tat de la carcasse.<br>Apr\u00e8s le d\u00e9garnissage, c&rsquo;est la surprise. Souvent le si\u00e8ge est ab\u00eem\u00e9 et le tapissier proc\u00e8dera au collage des assemblages, et fabriquera de nouveaux taquets de bois et rebouchera les trous pr\u00e9c\u00e9dents. Concernant les r\u00e9parations plus d\u00e9licates, le tapissier confiera le si\u00e8ge \u00e0 un \u00e9b\u00e9niste.<\/p>\n<\/div><\/div>\n<\/div><\/div>\n\n\n\n<div class=\"wp-block-media-text alignwide\"><figure class=\"wp-block-media-text__media\"><img loading=\"lazy\" width=\"768\" height=\"1024\" src=\"https:\/\/www.kangel.fr\/wp-content\/uploads\/2021\/02\/IMG_5519-768x1024.jpg\" alt=\"\" class=\"wp-image-286\" srcset=\"https:\/\/www.tucau.com\/wordpress\/wp-content\/uploads\/2021\/02\/IMG_5519-768x1024.jpg 768w, https:\/\/www.tucau.com\/wordpress\/wp-content\/uploads\/2021\/02\/IMG_5519-225x300.jpg 225w, https:\/\/www.tucau.com\/wordpress\/wp-content\/uploads\/2021\/02\/IMG_5519-1152x1536.jpg 1152w, https:\/\/www.tucau.com\/wordpress\/wp-content\/uploads\/2021\/02\/IMG_5519-1536x2048.jpg 1536w, https:\/\/www.tucau.com\/wordpress\/wp-content\/uploads\/2021\/02\/IMG_5519-scaled.jpg 1920w\" sizes=\"(max-width: 706px) 89vw, (max-width: 767px) 82vw, 740px\" \/><\/figure><div class=\"wp-block-media-text__content\">\n<p class=\"has-background has-normal-font-size has-very-light-gray-background-color\">\u00c9tape 3 : le sanglage.<br>Le sanglage est la base du si\u00e8ge.<br>Cette op\u00e9ration consiste \u00e0 r\u00e9aliser une plateforme solide et bien tendue au moyen de sangles de jute entrecrois\u00e9es. On doit y apporter le plus grand soin car la vie du si\u00e8ge d\u00e9pend de son sanglage.<\/p>\n<\/div><\/div>\n\n\n\n<div class=\"wp-block-media-text alignwide has-media-on-the-right\"><figure class=\"wp-block-media-text__media\"><img loading=\"lazy\" width=\"1024\" height=\"768\" src=\"https:\/\/www.kangel.fr\/wp-content\/uploads\/2021\/02\/IMG_4941-1024x768.jpg\" alt=\"\" class=\"wp-image-288\" srcset=\"https:\/\/www.tucau.com\/wordpress\/wp-content\/uploads\/2021\/02\/IMG_4941-1024x768.jpg 1024w, https:\/\/www.tucau.com\/wordpress\/wp-content\/uploads\/2021\/02\/IMG_4941-300x225.jpg 300w, https:\/\/www.tucau.com\/wordpress\/wp-content\/uploads\/2021\/02\/IMG_4941-768x576.jpg 768w, https:\/\/www.tucau.com\/wordpress\/wp-content\/uploads\/2021\/02\/IMG_4941-1536x1152.jpg 1536w, https:\/\/www.tucau.com\/wordpress\/wp-content\/uploads\/2021\/02\/IMG_4941-2048x1536.jpg 2048w\" sizes=\"(max-width: 706px) 89vw, (max-width: 767px) 82vw, 740px\" \/><\/figure><div class=\"wp-block-media-text__content\">\n<p class=\"has-background has-normal-font-size has-very-light-gray-background-color\">\u00c9tape 4 : la pose et la couture des ressorts.<br>A partir de 1820, l&rsquo;assise des si\u00e8ges a \u00e9t\u00e9 rendue plus souple gr\u00e2ce \u00e0 l&rsquo;invention du ressort. Ils sont cousus sur le sanglage et maintenus en place par le guindage.<\/p>\n<\/div><\/div>\n\n\n\n<div class=\"wp-block-media-text alignwide\"><figure class=\"wp-block-media-text__media\"><img loading=\"lazy\" width=\"971\" height=\"1024\" src=\"https:\/\/www.kangel.fr\/wp-content\/uploads\/2021\/02\/IMG_6669-2-971x1024.jpg\" alt=\"\" class=\"wp-image-314\" srcset=\"https:\/\/www.tucau.com\/wordpress\/wp-content\/uploads\/2021\/02\/IMG_6669-2-971x1024.jpg 971w, https:\/\/www.tucau.com\/wordpress\/wp-content\/uploads\/2021\/02\/IMG_6669-2-285x300.jpg 285w, https:\/\/www.tucau.com\/wordpress\/wp-content\/uploads\/2021\/02\/IMG_6669-2-768x810.jpg 768w, https:\/\/www.tucau.com\/wordpress\/wp-content\/uploads\/2021\/02\/IMG_6669-2-1457x1536.jpg 1457w, https:\/\/www.tucau.com\/wordpress\/wp-content\/uploads\/2021\/02\/IMG_6669-2-1942x2048.jpg 1942w\" sizes=\"(max-width: 706px) 89vw, (max-width: 767px) 82vw, 740px\" \/><\/figure><div class=\"wp-block-media-text__content\">\n<p class=\"has-background has-normal-font-size has-very-light-gray-background-color\">\u00c9tape 5 : le guindage.<br>Cette op\u00e9ration consiste \u00e0 maintenir les ressorts entre eux \u00e0 l&rsquo;aide de cordes nou\u00e9es et ajust\u00e9es \u00e0 la bonne hauteur selon le style du si\u00e8ge et le confort souhait\u00e9.<\/p>\n<\/div><\/div>\n\n\n\n<div class=\"wp-block-media-text alignwide has-media-on-the-right\"><figure class=\"wp-block-media-text__media\"><img loading=\"lazy\" width=\"883\" height=\"1024\" src=\"https:\/\/www.kangel.fr\/wp-content\/uploads\/2021\/02\/IMG_6591-2-883x1024.jpg\" alt=\"\" class=\"wp-image-315\" srcset=\"https:\/\/www.tucau.com\/wordpress\/wp-content\/uploads\/2021\/02\/IMG_6591-2-883x1024.jpg 883w, https:\/\/www.tucau.com\/wordpress\/wp-content\/uploads\/2021\/02\/IMG_6591-2-259x300.jpg 259w, https:\/\/www.tucau.com\/wordpress\/wp-content\/uploads\/2021\/02\/IMG_6591-2-768x890.jpg 768w, https:\/\/www.tucau.com\/wordpress\/wp-content\/uploads\/2021\/02\/IMG_6591-2-1325x1536.jpg 1325w, https:\/\/www.tucau.com\/wordpress\/wp-content\/uploads\/2021\/02\/IMG_6591-2-1766x2048.jpg 1766w\" sizes=\"(max-width: 706px) 89vw, (max-width: 767px) 82vw, 740px\" \/><\/figure><div class=\"wp-block-media-text__content\">\n<p class=\"has-background has-normal-font-size has-very-light-gray-background-color\">\u00c9tape 6 : la pose de la toile forte et des lacets.<br>La toile forte est en jute, au tissage serr\u00e9. Elle sera fix\u00e9e sur la traverse du si\u00e8ge. Les ressorts seront maintenus avec une couture sur la toile. Des lacets seront pos\u00e9s en vue d&rsquo;accueillir le crin.<\/p>\n<\/div><\/div>\n\n\n\n<div class=\"wp-block-media-text alignwide\"><figure class=\"wp-block-media-text__media\"><img loading=\"lazy\" width=\"827\" height=\"1024\" src=\"https:\/\/www.kangel.fr\/wp-content\/uploads\/2021\/02\/IMG_6828-2-827x1024.jpg\" alt=\"\" class=\"wp-image-316\" srcset=\"https:\/\/www.tucau.com\/wordpress\/wp-content\/uploads\/2021\/02\/IMG_6828-2-827x1024.jpg 827w, https:\/\/www.tucau.com\/wordpress\/wp-content\/uploads\/2021\/02\/IMG_6828-2-242x300.jpg 242w, https:\/\/www.tucau.com\/wordpress\/wp-content\/uploads\/2021\/02\/IMG_6828-2-768x951.jpg 768w, https:\/\/www.tucau.com\/wordpress\/wp-content\/uploads\/2021\/02\/IMG_6828-2-1241x1536.jpg 1241w, https:\/\/www.tucau.com\/wordpress\/wp-content\/uploads\/2021\/02\/IMG_6828-2-1654x2048.jpg 1654w\" sizes=\"(max-width: 706px) 89vw, (max-width: 767px) 82vw, 740px\" \/><\/figure><div class=\"wp-block-media-text__content\">\n<p class=\"has-background has-normal-font-size has-very-light-gray-background-color\">\u00c9tape 7 : la mise en crin.<br>La forme et la taille du si\u00e8ge vont d\u00e9terminer la quantit\u00e9 de crin \u00e0 glisser sous les lacets. Il sera au pr\u00e9alable card\u00e9 afin de lui donner toute son \u00e9lasticit\u00e9, et soigneusement travaill\u00e9 par petites poign\u00e9es.<\/p>\n<\/div><\/div>\n\n\n\n<div class=\"wp-block-media-text alignwide has-media-on-the-right\"><figure class=\"wp-block-media-text__media\"><img loading=\"lazy\" width=\"1024\" height=\"942\" src=\"https:\/\/www.kangel.fr\/wp-content\/uploads\/2021\/02\/IMG_8065-1024x942.jpg\" alt=\"\" class=\"wp-image-216\" srcset=\"https:\/\/www.tucau.com\/wordpress\/wp-content\/uploads\/2021\/02\/IMG_8065-1024x942.jpg 1024w, https:\/\/www.tucau.com\/wordpress\/wp-content\/uploads\/2021\/02\/IMG_8065-300x276.jpg 300w, https:\/\/www.tucau.com\/wordpress\/wp-content\/uploads\/2021\/02\/IMG_8065-768x707.jpg 768w, https:\/\/www.tucau.com\/wordpress\/wp-content\/uploads\/2021\/02\/IMG_8065-1536x1413.jpg 1536w, https:\/\/www.tucau.com\/wordpress\/wp-content\/uploads\/2021\/02\/IMG_8065-2048x1885.jpg 2048w\" sizes=\"(max-width: 706px) 89vw, (max-width: 767px) 82vw, 740px\" \/><\/figure><div class=\"wp-block-media-text__content\">\n<p class=\"has-background has-normal-font-size has-very-light-gray-background-color\">\u00c9tape 8 : l&rsquo; emballage et la pose du point de fond.<br>Une toile dite d&#8217;embourrure va venir emballer le crin et commencer \u00e0 donner une forme au si\u00e8ge. Un point de fond va venir maintenir le crin en place et former le fond de l&rsquo;assise du si\u00e8ge.<br><br><\/p>\n<\/div><\/div>\n\n\n\n<div class=\"wp-block-media-text alignwide\"><figure class=\"wp-block-media-text__media\"><img loading=\"lazy\" width=\"1024\" height=\"1007\" src=\"https:\/\/www.kangel.fr\/wp-content\/uploads\/2021\/02\/IMG_8662-2-1024x1007.jpg\" alt=\"\" class=\"wp-image-317\" srcset=\"https:\/\/www.tucau.com\/wordpress\/wp-content\/uploads\/2021\/02\/IMG_8662-2-1024x1007.jpg 1024w, https:\/\/www.tucau.com\/wordpress\/wp-content\/uploads\/2021\/02\/IMG_8662-2-300x295.jpg 300w, https:\/\/www.tucau.com\/wordpress\/wp-content\/uploads\/2021\/02\/IMG_8662-2-768x755.jpg 768w, https:\/\/www.tucau.com\/wordpress\/wp-content\/uploads\/2021\/02\/IMG_8662-2-1536x1510.jpg 1536w, https:\/\/www.tucau.com\/wordpress\/wp-content\/uploads\/2021\/02\/IMG_8662-2.jpg 1660w\" sizes=\"(max-width: 706px) 89vw, (max-width: 767px) 82vw, 740px\" \/><\/figure><div class=\"wp-block-media-text__content\">\n<p class=\"has-background has-normal-font-size has-very-light-gray-background-color\">\u00c9tape 9 : le rabattage.<br>Afin de donner la forme d\u00e9finitive \u00e0 la garniture, la toile doit \u00eatre fix\u00e9e sur le chanfrein situ\u00e9 sur la traverse du si\u00e8ge, avec des semences de tapissier. L&#8217;emballage et le rabattage sont des op\u00e9rations d\u00e9licates car elles pr\u00e9d\u00e9finissent l&rsquo;esth\u00e9tique finale de l&rsquo;assise du si\u00e8ge.<\/p>\n<\/div><\/div>\n\n\n\n<div class=\"wp-block-media-text alignwide has-media-on-the-right\"><figure class=\"wp-block-media-text__media\"><img loading=\"lazy\" width=\"1024\" height=\"949\" src=\"https:\/\/www.kangel.fr\/wp-content\/uploads\/2021\/02\/IMG_0816-1024x949.jpg\" alt=\"\" class=\"wp-image-138\" srcset=\"https:\/\/www.tucau.com\/wordpress\/wp-content\/uploads\/2021\/02\/IMG_0816-1024x949.jpg 1024w, https:\/\/www.tucau.com\/wordpress\/wp-content\/uploads\/2021\/02\/IMG_0816-300x278.jpg 300w, https:\/\/www.tucau.com\/wordpress\/wp-content\/uploads\/2021\/02\/IMG_0816-768x712.jpg 768w, https:\/\/www.tucau.com\/wordpress\/wp-content\/uploads\/2021\/02\/IMG_0816.jpg 1074w\" sizes=\"(max-width: 706px) 89vw, (max-width: 767px) 82vw, 740px\" \/><\/figure><div class=\"wp-block-media-text__content\">\n<p class=\"has-background has-normal-font-size has-very-light-gray-background-color\">\u00c9tape 10 : le piquage.<br>Afin de maintenir et donner de la fermet\u00e9 \u00e0 la garniture, il faut r\u00e9aliser diff\u00e9rents points de piquage.<\/p>\n<\/div><\/div>\n\n\n\n<div class=\"wp-block-media-text alignwide\" style=\"grid-template-columns:39% auto\"><figure class=\"wp-block-media-text__media\"><img loading=\"lazy\" width=\"806\" height=\"1024\" src=\"https:\/\/www.kangel.fr\/wp-content\/uploads\/2021\/02\/IMG_6187-2-806x1024.jpg\" alt=\"\" class=\"wp-image-319\" srcset=\"https:\/\/www.tucau.com\/wordpress\/wp-content\/uploads\/2021\/02\/IMG_6187-2-806x1024.jpg 806w, https:\/\/www.tucau.com\/wordpress\/wp-content\/uploads\/2021\/02\/IMG_6187-2-236x300.jpg 236w, https:\/\/www.tucau.com\/wordpress\/wp-content\/uploads\/2021\/02\/IMG_6187-2-768x975.jpg 768w, https:\/\/www.tucau.com\/wordpress\/wp-content\/uploads\/2021\/02\/IMG_6187-2-1210x1536.jpg 1210w, https:\/\/www.tucau.com\/wordpress\/wp-content\/uploads\/2021\/02\/IMG_6187-2-1613x2048.jpg 1613w, https:\/\/www.tucau.com\/wordpress\/wp-content\/uploads\/2021\/02\/IMG_6187-2-scaled.jpg 2016w\" sizes=\"(max-width: 706px) 89vw, (max-width: 767px) 82vw, 740px\" \/><\/figure><div class=\"wp-block-media-text__content\">\n<p class=\"has-background has-normal-font-size has-very-light-gray-background-color\">\u00c9tape 11 : la piq\u00fbre.<br>Une petite couche de crin animal est pos\u00e9e sous des lacets afin de combler les in\u00e9galit\u00e9s li\u00e9es au piquage et assurer un confort suppl\u00e9mentaire et plus de moelleux.<\/p>\n<\/div><\/div>\n\n\n\n<div class=\"wp-block-media-text alignwide has-media-on-the-right\" style=\"grid-template-columns:auto 33%\"><figure class=\"wp-block-media-text__media\"><img loading=\"lazy\" width=\"727\" height=\"1024\" src=\"https:\/\/www.kangel.fr\/wp-content\/uploads\/2021\/02\/IMG_5661-2-727x1024.jpg\" alt=\"\" class=\"wp-image-320\" srcset=\"https:\/\/www.tucau.com\/wordpress\/wp-content\/uploads\/2021\/02\/IMG_5661-2-727x1024.jpg 727w, https:\/\/www.tucau.com\/wordpress\/wp-content\/uploads\/2021\/02\/IMG_5661-2-213x300.jpg 213w, https:\/\/www.tucau.com\/wordpress\/wp-content\/uploads\/2021\/02\/IMG_5661-2-768x1082.jpg 768w, https:\/\/www.tucau.com\/wordpress\/wp-content\/uploads\/2021\/02\/IMG_5661-2-1090x1536.jpg 1090w, https:\/\/www.tucau.com\/wordpress\/wp-content\/uploads\/2021\/02\/IMG_5661-2.jpg 1395w\" sizes=\"(max-width: 727px) 100vw, 727px\" \/><\/figure><div class=\"wp-block-media-text__content\">\n<p class=\"has-background has-normal-font-size has-very-light-gray-background-color\">\u00c9tape 12 : la mise en blanc.<br>Un toile de coton blanche r\u00e9sistante est pos\u00e9e afin d&rsquo;isoler la garniture du tissus d\u00e9coratif.<\/p>\n<\/div><\/div>\n\n\n\n<div class=\"wp-block-media-text alignwide\"><figure class=\"wp-block-media-text__media\"><img loading=\"lazy\" width=\"664\" height=\"664\" src=\"https:\/\/www.kangel.fr\/wp-content\/uploads\/2020\/10\/07C7258A-2AE0-40A1-A421-B578BBAB765F.jpg\" alt=\"\" class=\"wp-image-61\" srcset=\"https:\/\/www.tucau.com\/wordpress\/wp-content\/uploads\/2020\/10\/07C7258A-2AE0-40A1-A421-B578BBAB765F.jpg 664w, https:\/\/www.tucau.com\/wordpress\/wp-content\/uploads\/2020\/10\/07C7258A-2AE0-40A1-A421-B578BBAB765F-300x300.jpg 300w, https:\/\/www.tucau.com\/wordpress\/wp-content\/uploads\/2020\/10\/07C7258A-2AE0-40A1-A421-B578BBAB765F-150x150.jpg 150w, https:\/\/www.tucau.com\/wordpress\/wp-content\/uploads\/2020\/10\/07C7258A-2AE0-40A1-A421-B578BBAB765F-400x400.jpg 400w\" sizes=\"(max-width: 664px) 100vw, 664px\" \/><\/figure><div class=\"wp-block-media-text__content\">\n<p class=\"has-background has-normal-font-size has-very-light-gray-background-color\">\u00c9tape 13 : la couverture.<br>La couverture est&nbsp; constitu\u00e9e du tissu final. Elle demande beaucoup d&rsquo;attention afin que la pose soit parfaitement ajust\u00e9e, en particulier s&rsquo;il y a des motifs.<\/p>\n<\/div><\/div>\n\n\n\n<div class=\"wp-block-media-text alignwide has-media-on-the-right\" style=\"grid-template-columns:auto 36%\"><figure class=\"wp-block-media-text__media\"><img loading=\"lazy\" width=\"768\" height=\"1024\" src=\"https:\/\/www.kangel.fr\/wp-content\/uploads\/2021\/02\/IMG_5690-768x1024.jpg\" alt=\"\" class=\"wp-image-265\" srcset=\"https:\/\/www.tucau.com\/wordpress\/wp-content\/uploads\/2021\/02\/IMG_5690-768x1024.jpg 768w, https:\/\/www.tucau.com\/wordpress\/wp-content\/uploads\/2021\/02\/IMG_5690-225x300.jpg 225w, https:\/\/www.tucau.com\/wordpress\/wp-content\/uploads\/2021\/02\/IMG_5690-1152x1536.jpg 1152w, https:\/\/www.tucau.com\/wordpress\/wp-content\/uploads\/2021\/02\/IMG_5690-1536x2048.jpg 1536w, https:\/\/www.tucau.com\/wordpress\/wp-content\/uploads\/2021\/02\/IMG_5690-scaled.jpg 1920w\" sizes=\"(max-width: 706px) 89vw, (max-width: 767px) 82vw, 740px\" \/><\/figure><div class=\"wp-block-media-text__content\">\n<p class=\"has-background has-normal-font-size has-very-light-gray-background-color\"><p class=\"has-background has-normal-font-size has-very-light-gray-background-color\">\u00c9tape 14 : la finition.<br>Les \u00e9toffes se parent d&rsquo;une touche finale qui viendra rehausser le tissu et sublimer le si\u00e8ge. Diff\u00e9rentes finitions possibles : clous d\u00e9coratifs, galon ou franges selon les go\u00fbts ou le style du si\u00e8ge.<\/p>\n<p>&nbsp;<\/p>\n<p>&nbsp;<\/p><\/p>\n<\/div><\/div>\n\n\n\n<div class=\"wp-block-media-text alignwide has-media-on-the-right\"><figure class=\"wp-block-media-text__media\"><img loading=\"lazy\" width=\"805\" height=\"1024\" src=\"https:\/\/www.kangel.fr\/wp-content\/uploads\/2021\/02\/59595624939__41909E55-B30A-4341-887A-87650272F996-2-805x1024.jpg\" alt=\"\" class=\"wp-image-402\" srcset=\"https:\/\/www.tucau.com\/wordpress\/wp-content\/uploads\/2021\/02\/59595624939__41909E55-B30A-4341-887A-87650272F996-2-805x1024.jpg 805w, https:\/\/www.tucau.com\/wordpress\/wp-content\/uploads\/2021\/02\/59595624939__41909E55-B30A-4341-887A-87650272F996-2-236x300.jpg 236w, https:\/\/www.tucau.com\/wordpress\/wp-content\/uploads\/2021\/02\/59595624939__41909E55-B30A-4341-887A-87650272F996-2-768x977.jpg 768w, https:\/\/www.tucau.com\/wordpress\/wp-content\/uploads\/2021\/02\/59595624939__41909E55-B30A-4341-887A-87650272F996-2-1207x1536.jpg 1207w, https:\/\/www.tucau.com\/wordpress\/wp-content\/uploads\/2021\/02\/59595624939__41909E55-B30A-4341-887A-87650272F996-2-1610x2048.jpg 1610w, https:\/\/www.tucau.com\/wordpress\/wp-content\/uploads\/2021\/02\/59595624939__41909E55-B30A-4341-887A-87650272F996-2-scaled.jpg 2012w\" sizes=\"(max-width: 706px) 89vw, (max-width: 767px) 82vw, 740px\" \/><\/figure><div class=\"wp-block-media-text__content\">\n<p class=\"has-normal-font-size\">\u00c9tape 15 : la pose du Jaconas.<br>Le tapissier recouvre le fond du si\u00e8ge d&rsquo;une fine toile de coton, dite \u00ab\u00a0Jaconas\u00a0\u00bb, afin masquer le sanglage. C&rsquo;est \u00e9galement la signature du tapissier.<\/p>\n<\/div><\/div>\n","protected":false},"excerpt":{"rendered":"<p>\u00c9tape 1 : le d\u00e9garnissage.Le d\u00e9garnissage, c&rsquo;est toutes les actions qui permettent de mettre le bois du si\u00e8ge compl\u00e8tement \u00e0 nu afin de pouvoir d\u00e9marrer la restauration. \u00c9tape 2 : la remise en \u00e9tat de la carcasse.Apr\u00e8s le d\u00e9garnissage, c&rsquo;est la surprise. Souvent le si\u00e8ge est ab\u00eem\u00e9 et le tapissier proc\u00e8dera au collage des assemblages, &hellip; <\/p>\n<p class=\"link-more\"><a href=\"https:\/\/www.kangel.fr\/?page_id=279\" class=\"more-link\">Continuer la lecture<span class=\"screen-reader-text\"> de &laquo;&nbsp;Le savoir-faire du tapissier&nbsp;&raquo;<\/span><\/a><\/p>\n","protected":false},"author":1,"featured_media":0,"parent":0,"menu_order":0,"comment_status":"closed","ping_status":"closed","template":"","meta":[],"_links":{"self":[{"href":"https:\/\/www.kangel.fr\/index.php?rest_route=\/wp\/v2\/pages\/279"}],"collection":[{"href":"https:\/\/www.kangel.fr\/index.php?rest_route=\/wp\/v2\/pages"}],"about":[{"href":"https:\/\/www.kangel.fr\/index.php?rest_route=\/wp\/v2\/types\/page"}],"author":[{"embeddable":true,"href":"https:\/\/www.kangel.fr\/index.php?rest_route=\/wp\/v2\/users\/1"}],"replies":[{"embeddable":true,"href":"https:\/\/www.kangel.fr\/index.php?rest_route=%2Fwp%2Fv2%2Fcomments&post=279"}],"version-history":[{"count":10,"href":"https:\/\/www.kangel.fr\/index.php?rest_route=\/wp\/v2\/pages\/279\/revisions"}],"predecessor-version":[{"id":403,"href":"https:\/\/www.kangel.fr\/index.php?rest_route=\/wp\/v2\/pages\/279\/revisions\/403"}],"wp:attachment":[{"href":"https:\/\/www.kangel.fr\/index.php?rest_route=%2Fwp%2Fv2%2Fmedia&parent=279"}],"curies":[{"name":"wp","href":"https:\/\/api.w.org\/{rel}","templated":true}]}}