{"id":15,"date":"2020-10-13T17:51:56","date_gmt":"2020-10-13T15:51:56","guid":{"rendered":"http:\/\/www.tucau.com\/wordpress\/?page_id=15"},"modified":"2022-09-20T10:12:32","modified_gmt":"2022-09-20T08:12:32","slug":"une-section-de-page-daccueil","status":"publish","type":"page","link":"https:\/\/www.kangel.fr\/","title":{"rendered":"L&rsquo;atelier KANGEL"},"content":{"rendered":"\r\n<div class=\"wp-block-group\">\r\n<div class=\"wp-block-group__inner-container\">\r\n<div class=\"wp-block-columns\">\r\n<div class=\"wp-block-column\">\r\n<figure class=\"wp-block-image size-large\"><img loading=\"lazy\" width=\"768\" height=\"1024\" class=\"wp-image-210\" src=\"https:\/\/www.kangel.fr\/wp-content\/uploads\/2021\/02\/IMG_6018-768x1024.jpg\" alt=\"\" srcset=\"https:\/\/www.tucau.com\/wordpress\/wp-content\/uploads\/2021\/02\/IMG_6018-768x1024.jpg 768w, https:\/\/www.tucau.com\/wordpress\/wp-content\/uploads\/2021\/02\/IMG_6018-225x300.jpg 225w, https:\/\/www.tucau.com\/wordpress\/wp-content\/uploads\/2021\/02\/IMG_6018-1152x1536.jpg 1152w, https:\/\/www.tucau.com\/wordpress\/wp-content\/uploads\/2021\/02\/IMG_6018-1536x2048.jpg 1536w, https:\/\/www.tucau.com\/wordpress\/wp-content\/uploads\/2021\/02\/IMG_6018-scaled.jpg 1920w\" sizes=\"(max-width: 706px) 89vw, (max-width: 767px) 82vw, 740px\" \/><\/figure>\r\n<\/div>\r\n\r\n\r\n\r\n<div class=\"wp-block-column\">\r\n<p class=\"has-drop-cap has-very-dark-gray-color has-very-light-gray-background-color has-text-color has-background\">\u00c0 l&rsquo;atelier, situ\u00e9 \u00e0 Saint-caprais-de-Bordeaux, je redonne une seconde jeunesse \u00e0 votre mobilier en proposant la restauration de vos si\u00e8ges anciens ou modernes. <br \/>Que ce soit la r\u00e9fection compl\u00e8te d&rsquo;un fauteuil de famille, le changement du tissu d&rsquo;une banquette, la restauration d&rsquo;une t\u00eate de lit pour l&rsquo;harmoniser avec votre d\u00e9coration de chambre ou bien la modernisation d&rsquo;une pi\u00e8ce vintage chin\u00e9e\u2026 <br \/>Je travaille la r\u00e9fection de mani\u00e8re dite \u00ab\u00a0traditionnelle\u00a0\u00bb avec des mati\u00e8res naturelles (ressorts, crin, toiles) ou contemporaines (latex, mousse) suivant le style du si\u00e8ge.<\/p>\r\n<p class=\"has-drop-cap has-very-dark-gray-color has-very-light-gray-background-color has-text-color has-background\">L&rsquo; atelier propose \u00e9galement la cr\u00e9ation d&rsquo;abat-jour et suspensions sur mesure, et propose la confection de rideaux, coussins afin de personnaliser votre int\u00e9rieur.<\/p>\r\n<p>Pour toute information ou demande de devis gratuit, n&rsquo;h\u00e9sitez pas \u00e0 m&rsquo;envoyer des photos par mail, j&rsquo;\u00e9tudierai votre projet.<\/p>\r\n<p>Livraison et enl\u00e8vement gratuits dans un rayon de 15 km.<\/p>\r\n\r\n\r\n\r\n<p>A bient\u00f4t.<\/p>\r\n\r\n\r\n\r\n<p>&nbsp;<\/p>\r\n<\/div>\r\n<\/div>\r\n<\/div>\r\n<\/div>\r\n\r\n\r\n\r\n<div class=\"wp-block-image\">\r\n<figure class=\"alignright size-large is-resized\"><img loading=\"lazy\" class=\"wp-image-410\" src=\"https:\/\/www.kangel.fr\/wp-content\/uploads\/2021\/02\/Capture-d\u2019e\u0301cran-2020-11-25-a\u0300-21.15.58.png\" alt=\"\" width=\"102\" height=\"94\" srcset=\"https:\/\/www.tucau.com\/wordpress\/wp-content\/uploads\/2021\/02\/Capture-d\u2019e\u0301cran-2020-11-25-a\u0300-21.15.58.png 522w, https:\/\/www.tucau.com\/wordpress\/wp-content\/uploads\/2021\/02\/Capture-d\u2019e\u0301cran-2020-11-25-a\u0300-21.15.58-300x276.png 300w\" sizes=\"(max-width: 102px) 100vw, 102px\" \/><\/figure>\r\n<\/div>\r\n\r\n\r\n\r\n<div class=\"wp-block-media-text alignwide\">\r\n<figure class=\"wp-block-media-text__media\"><\/figure>\r\n<div class=\"wp-block-media-text__content\">\r\n<p class=\"has-large-font-size\">\u00a0<\/p>\r\n<\/div>\r\n<\/div>\r\n\r\n\r\n\r\n<p>&nbsp;<\/p>\r\n","protected":false},"excerpt":{"rendered":"<p>\u00c0 l&rsquo;atelier, situ\u00e9 \u00e0 Saint-caprais-de-Bordeaux, je redonne une seconde jeunesse \u00e0 votre mobilier en proposant la restauration de vos si\u00e8ges anciens ou modernes. Que ce soit la r\u00e9fection compl\u00e8te d&rsquo;un fauteuil de famille, le changement du tissu d&rsquo;une banquette, la restauration d&rsquo;une t\u00eate de lit pour l&rsquo;harmoniser avec votre d\u00e9coration de chambre ou bien la &hellip; <\/p>\n<p class=\"link-more\"><a href=\"https:\/\/www.kangel.fr\/\" class=\"more-link\">Continuer la lecture<span class=\"screen-reader-text\"> de &laquo;&nbsp;L&rsquo;atelier KANGEL&nbsp;&raquo;<\/span><\/a><\/p>\n","protected":false},"author":1,"featured_media":0,"parent":0,"menu_order":0,"comment_status":"closed","ping_status":"closed","template":"","meta":[],"_links":{"self":[{"href":"https:\/\/www.kangel.fr\/index.php?rest_route=\/wp\/v2\/pages\/15"}],"collection":[{"href":"https:\/\/www.kangel.fr\/index.php?rest_route=\/wp\/v2\/pages"}],"about":[{"href":"https:\/\/www.kangel.fr\/index.php?rest_route=\/wp\/v2\/types\/page"}],"author":[{"embeddable":true,"href":"https:\/\/www.kangel.fr\/index.php?rest_route=\/wp\/v2\/users\/1"}],"replies":[{"embeddable":true,"href":"https:\/\/www.kangel.fr\/index.php?rest_route=%2Fwp%2Fv2%2Fcomments&post=15"}],"version-history":[{"count":33,"href":"https:\/\/www.kangel.fr\/index.php?rest_route=\/wp\/v2\/pages\/15\/revisions"}],"predecessor-version":[{"id":471,"href":"https:\/\/www.kangel.fr\/index.php?rest_route=\/wp\/v2\/pages\/15\/revisions\/471"}],"wp:attachment":[{"href":"https:\/\/www.kangel.fr\/index.php?rest_route=%2Fwp%2Fv2%2Fmedia&parent=15"}],"curies":[{"name":"wp","href":"https:\/\/api.w.org\/{rel}","templated":true}]}}